{"id":130,"date":"2021-06-18T14:10:26","date_gmt":"2021-06-18T12:10:26","guid":{"rendered":"https:\/\/safe4sure.nl\/?page_id=130"},"modified":"2025-10-29T12:39:17","modified_gmt":"2025-10-29T11:39:17","slug":"diensten","status":"publish","type":"page","link":"https:\/\/safe4sure.nl\/de\/diensten\/","title":{"rendered":"Dienstleistungen"},"content":{"rendered":"<section id=\"section-3-129\" class=\"ct-section section\" ><div class=\"ct-section-inner-wrap\"><div id=\"text_block-7-129\" class=\"ct-text-block highlight-header\" >Diensleistungen<\/div><h2 id=\"headline-9-129\" class=\"ct-headline h2\">Wartung und Instandhaltung\/Unterhalt<\/h2><div id=\"new_columns-4-129\" class=\"ct-new-columns\" ><div id=\"div_block-5-129\" class=\"ct-div-block column-left\" ><img decoding=\"async\"  id=\"image-14-153\" alt=\"\" src=\"https:\/\/safe4sure.nl\/wp-content\/uploads\/Safe4Sure-39-scaled.jpg\" class=\"ct-image\"\/><\/div><div id=\"div_block-6-129\" class=\"ct-div-block column-right\" ><div id=\"text_block-12-129\" class=\"ct-text-block intro-text\" >Wir verf\u00fcgen \u00fcber eine breite Palette von Austauschmaterialien, damit Ihr Schiff immer ausreichend gesch\u00fctzt ist.<\/div><div id=\"_dynamic_list-14-129\" class=\"oxy-dynamic-list\"><div id=\"div_block-15-129-1\" class=\"ct-div-block\" data-id=\"div_block-15-129\"><a id=\"div_block-24-129-1\" class=\"ct-link table-row\" href=\"https:\/\/safe4sure.nl\/de\/product\/adn-kist\/\" target=\"_self\" data-id=\"div_block-24-129\"><div id=\"text_block-25-129-1\" class=\"ct-text-block table-label\" data-id=\"text_block-25-129\"><span id=\"span-12-153\" class=\"ct-span\" >ADN Box<\/span><\/div><div id=\"fancy_icon-28-129-1\" class=\"ct-fancy-icon\" data-id=\"fancy_icon-28-129\"><svg id=\"svg-fancy_icon-28-129-1\" data-id=\"svg-fancy_icon-28-129\"><use xlink:href=\"#Phosphoriconsicon-ph-fillarrow-right-fill\"><\/use><\/svg><\/div><\/a><\/div><div id=\"div_block-15-129-2\" class=\"ct-div-block\" data-id=\"div_block-15-129\"><a id=\"div_block-24-129-2\" class=\"ct-link table-row\" href=\"https:\/\/safe4sure.nl\/de\/product\/blusgasinstallatie\/\" target=\"_self\" data-id=\"div_block-24-129\"><div id=\"text_block-25-129-2\" class=\"ct-text-block table-label\" data-id=\"text_block-25-129\"><span id=\"span-12-153\" class=\"ct-span\" >Feuerl\u00f6schgasanlage\/ Feuerl\u00f6schgas-Installation<\/span><\/div><div id=\"fancy_icon-28-129-2\" class=\"ct-fancy-icon\" data-id=\"fancy_icon-28-129\"><svg id=\"svg-fancy_icon-28-129-2\" data-id=\"svg-fancy_icon-28-129\"><use xlink:href=\"#Phosphoriconsicon-ph-fillarrow-right-fill\"><\/use><\/svg><\/div><\/a><\/div><div id=\"div_block-15-129-3\" class=\"ct-div-block\" data-id=\"div_block-15-129\"><a id=\"div_block-24-129-3\" class=\"ct-link table-row\" href=\"https:\/\/safe4sure.nl\/de\/product\/blusmonitor\/\" target=\"_self\" data-id=\"div_block-24-129\"><div id=\"text_block-25-129-3\" class=\"ct-text-block table-label\" data-id=\"text_block-25-129\"><span id=\"span-12-153\" class=\"ct-span\" >Brandw\u00e4chter\/Feuermelder<\/span><\/div><div id=\"fancy_icon-28-129-3\" class=\"ct-fancy-icon\" data-id=\"fancy_icon-28-129\"><svg id=\"svg-fancy_icon-28-129-3\" data-id=\"svg-fancy_icon-28-129\"><use xlink:href=\"#Phosphoriconsicon-ph-fillarrow-right-fill\"><\/use><\/svg><\/div><\/a><\/div><div id=\"div_block-15-129-4\" class=\"ct-div-block\" data-id=\"div_block-15-129\"><a id=\"div_block-24-129-4\" class=\"ct-link table-row\" href=\"https:\/\/safe4sure.nl\/de\/product\/brandblusser\/\" target=\"_self\" data-id=\"div_block-24-129\"><div id=\"text_block-25-129-4\" class=\"ct-text-block table-label\" data-id=\"text_block-25-129\"><span id=\"span-12-153\" class=\"ct-span\" >Feuerl\u00f6schger\u00e4t\/Feuerl\u00f6scher<\/span><\/div><div id=\"fancy_icon-28-129-4\" class=\"ct-fancy-icon\" data-id=\"fancy_icon-28-129\"><svg id=\"svg-fancy_icon-28-129-4\" data-id=\"svg-fancy_icon-28-129\"><use xlink:href=\"#Phosphoriconsicon-ph-fillarrow-right-fill\"><\/use><\/svg><\/div><\/a><\/div><div id=\"div_block-15-129-5\" class=\"ct-div-block\" data-id=\"div_block-15-129\"><a id=\"div_block-24-129-5\" class=\"ct-link table-row\" href=\"https:\/\/safe4sure.nl\/de\/product\/brandslang\/\" target=\"_self\" data-id=\"div_block-24-129\"><div id=\"text_block-25-129-5\" class=\"ct-text-block table-label\" data-id=\"text_block-25-129\"><span id=\"span-12-153\" class=\"ct-span\" >Feuerl\u00f6schschlauch<\/span><\/div><div id=\"fancy_icon-28-129-5\" class=\"ct-fancy-icon\" data-id=\"fancy_icon-28-129\"><svg id=\"svg-fancy_icon-28-129-5\" data-id=\"svg-fancy_icon-28-129\"><use xlink:href=\"#Phosphoriconsicon-ph-fillarrow-right-fill\"><\/use><\/svg><\/div><\/a><\/div><div id=\"div_block-15-129-6\" class=\"ct-div-block\" data-id=\"div_block-15-129\"><a id=\"div_block-24-129-6\" class=\"ct-link table-row\" href=\"https:\/\/safe4sure.nl\/de\/product\/calibratie-gasdetectie\/\" target=\"_self\" data-id=\"div_block-24-129\"><div id=\"text_block-25-129-6\" class=\"ct-text-block table-label\" data-id=\"text_block-25-129\"><span id=\"span-12-153\" class=\"ct-span\" >Gasmessger\u00e4t<\/span><\/div><div id=\"fancy_icon-28-129-6\" class=\"ct-fancy-icon\" data-id=\"fancy_icon-28-129\"><svg id=\"svg-fancy_icon-28-129-6\" data-id=\"svg-fancy_icon-28-129\"><use xlink:href=\"#Phosphoriconsicon-ph-fillarrow-right-fill\"><\/use><\/svg><\/div><\/a><\/div><div id=\"div_block-15-129-7\" class=\"ct-div-block\" data-id=\"div_block-15-129\"><a id=\"div_block-24-129-7\" class=\"ct-link table-row\" href=\"https:\/\/safe4sure.nl\/de\/product\/laad-losslangen\/\" target=\"_self\" data-id=\"div_block-24-129\"><div id=\"text_block-25-129-7\" class=\"ct-text-block table-label\" data-id=\"text_block-25-129\"><span id=\"span-12-153\" class=\"ct-span\" >Be- und Entladen von Schl\u00e4uchen<\/span><\/div><div id=\"fancy_icon-28-129-7\" class=\"ct-fancy-icon\" data-id=\"fancy_icon-28-129\"><svg id=\"svg-fancy_icon-28-129-7\" data-id=\"svg-fancy_icon-28-129\"><use xlink:href=\"#Phosphoriconsicon-ph-fillarrow-right-fill\"><\/use><\/svg><\/div><\/a><\/div><div id=\"div_block-15-129-8\" class=\"ct-div-block\" data-id=\"div_block-15-129\"><a id=\"div_block-24-129-8\" class=\"ct-link table-row\" href=\"https:\/\/safe4sure.nl\/de\/product\/noodverlichting-en-vluchtplan\/\" target=\"_self\" data-id=\"div_block-24-129\"><div id=\"text_block-25-129-8\" class=\"ct-text-block table-label\" data-id=\"text_block-25-129\"><span id=\"span-12-153\" class=\"ct-span\" >Notbeleuchtung und Fluchtplan<\/span><\/div><div id=\"fancy_icon-28-129-8\" class=\"ct-fancy-icon\" data-id=\"fancy_icon-28-129\"><svg id=\"svg-fancy_icon-28-129-8\" data-id=\"svg-fancy_icon-28-129\"><use xlink:href=\"#Phosphoriconsicon-ph-fillarrow-right-fill\"><\/use><\/svg><\/div><\/a><\/div><div id=\"div_block-15-129-9\" class=\"ct-div-block\" data-id=\"div_block-15-129\"><a id=\"div_block-24-129-9\" class=\"ct-link table-row\" href=\"https:\/\/safe4sure.nl\/de\/product\/pbm-bhv-ehbo-materiaal\/\" target=\"_self\" data-id=\"div_block-24-129\"><div id=\"text_block-25-129-9\" class=\"ct-text-block table-label\" data-id=\"text_block-25-129\"><span id=\"span-12-153\" class=\"ct-span\" >PSA, FAFS und Erste-Hilfe-Ausr\u00fcstung<\/span><\/div><div id=\"fancy_icon-28-129-9\" class=\"ct-fancy-icon\" data-id=\"fancy_icon-28-129\"><svg id=\"svg-fancy_icon-28-129-9\" data-id=\"svg-fancy_icon-28-129\"><use xlink:href=\"#Phosphoriconsicon-ph-fillarrow-right-fill\"><\/use><\/svg><\/div><\/a><\/div><div id=\"div_block-15-129-10\" class=\"ct-div-block\" data-id=\"div_block-15-129\"><a id=\"div_block-24-129-10\" class=\"ct-link table-row\" href=\"https:\/\/safe4sure.nl\/de\/product\/reddingsvest\/\" target=\"_self\" data-id=\"div_block-24-129\"><div id=\"text_block-25-129-10\" class=\"ct-text-block table-label\" data-id=\"text_block-25-129\"><span id=\"span-12-153\" class=\"ct-span\" >Schwimmweste\/Rettungsweste<\/span><\/div><div id=\"fancy_icon-28-129-10\" class=\"ct-fancy-icon\" data-id=\"fancy_icon-28-129\"><svg id=\"svg-fancy_icon-28-129-10\" data-id=\"svg-fancy_icon-28-129\"><use xlink:href=\"#Phosphoriconsicon-ph-fillarrow-right-fill\"><\/use><\/svg><\/div><\/a><\/div><div id=\"div_block-15-129-11\" class=\"ct-div-block\" data-id=\"div_block-15-129\"><a id=\"div_block-24-129-11\" class=\"ct-link table-row\" href=\"https:\/\/safe4sure.nl\/de\/product\/stationaire-gasdetectie-dordrecht\/\" target=\"_self\" data-id=\"div_block-24-129\"><div id=\"text_block-25-129-11\" class=\"ct-text-block table-label\" data-id=\"text_block-25-129\"><span id=\"span-12-153\" class=\"ct-span\" >Stationaire gasdetectie (Dordrecht)<\/span><\/div><div id=\"fancy_icon-28-129-11\" class=\"ct-fancy-icon\" data-id=\"fancy_icon-28-129\"><svg id=\"svg-fancy_icon-28-129-11\" data-id=\"svg-fancy_icon-28-129\"><use xlink:href=\"#Phosphoriconsicon-ph-fillarrow-right-fill\"><\/use><\/svg><\/div><\/a><\/div>                    \n                                            \n                                        \n                    <\/div>\n<\/div><\/div><\/div><\/section>\n\n<section id=\"section-19-160\" class=\"ct-section section\" style=\"background-image:url(https:\/\/safe4sure.nl\/wp-content\/uploads\/2021\/06\/world-pattern.png);background-size: cover;\" ><div class=\"ct-section-inner-wrap\"><div id=\"div_block-20-160\" class=\"ct-div-block\" ><div id=\"new_columns-21-160\" class=\"ct-new-columns\" ><div id=\"div_block-22-160\" class=\"ct-div-block column-left\" ><h2 id=\"headline-23-160\" class=\"ct-headline h2\">Uw certicifaten verlopen? bel ons snel!<\/h2><div id=\"div_block-25-160\" class=\"ct-div-block\" ><\/div><\/div><div id=\"div_block-26-160\" class=\"ct-div-block\" ><a id=\"link-27-160\" class=\"ct-link cta-button\" href=\"Tel:+31658892368\" target=\"_self\"  ><div id=\"fancy_icon-28-160\" class=\"ct-fancy-icon cta-button-icon\" ><svg id=\"svg-fancy_icon-28-160\"><use xlink:href=\"#Phosphoriconsicon-ph-fillphone-fill\"><\/use><\/svg><\/div><div id=\"text_block-29-160\" class=\"ct-text-block cta-button-text\" ><span id=\"span-30-160\" class=\"ct-span\" >+31 658892368<\/span><\/div><\/a><\/div><\/div><\/div><\/div><\/section>","protected":false},"excerpt":{"rendered":"","protected":false},"author":1,"featured_media":496,"parent":0,"menu_order":0,"comment_status":"closed","ping_status":"closed","template":"","meta":{"_acf_changed":false,"footnotes":""},"class_list":["post-130","page","type-page","status-publish","has-post-thumbnail","hentry"],"acf":[],"_links":{"self":[{"href":"https:\/\/safe4sure.nl\/de\/wp-json\/wp\/v2\/pages\/130","targetHints":{"allow":["GET"]}}],"collection":[{"href":"https:\/\/safe4sure.nl\/de\/wp-json\/wp\/v2\/pages"}],"about":[{"href":"https:\/\/safe4sure.nl\/de\/wp-json\/wp\/v2\/types\/page"}],"author":[{"embeddable":true,"href":"https:\/\/safe4sure.nl\/de\/wp-json\/wp\/v2\/users\/1"}],"replies":[{"embeddable":true,"href":"https:\/\/safe4sure.nl\/de\/wp-json\/wp\/v2\/comments?post=130"}],"version-history":[{"count":3,"href":"https:\/\/safe4sure.nl\/de\/wp-json\/wp\/v2\/pages\/130\/revisions"}],"predecessor-version":[{"id":1043,"href":"https:\/\/safe4sure.nl\/de\/wp-json\/wp\/v2\/pages\/130\/revisions\/1043"}],"wp:featuredmedia":[{"embeddable":true,"href":"https:\/\/safe4sure.nl\/de\/wp-json\/wp\/v2\/media\/496"}],"wp:attachment":[{"href":"https:\/\/safe4sure.nl\/de\/wp-json\/wp\/v2\/media?parent=130"}],"curies":[{"name":"wp","href":"https:\/\/api.w.org\/{rel}","templated":true}]}}