{"id":137,"date":"2021-06-18T14:28:27","date_gmt":"2021-06-18T12:28:27","guid":{"rendered":"https:\/\/safe4sure.nl\/?post_type=product&#038;p=137"},"modified":"2021-07-20T14:55:09","modified_gmt":"2021-07-20T12:55:09","slug":"adn-kist","status":"publish","type":"product","link":"https:\/\/safe4sure.nl\/de\/product\/adn-kist\/","title":{"rendered":"ADN Box"},"content":{"rendered":"<h2 class=\"wp-block-heading\">Schutz von Kopf bis Fu\u00df.<\/h2>\n\n\n\n<p>ADN-Box\nADN-Boxen bieten pers\u00f6nlichen Schutz in einer Notsituation. Die Box ist mit Materialien gef\u00fcllt, die die Menschen bei einem Notfall an Bord ben\u00f6tigen k\u00f6nnten.<\/p>\n\n\n\n<p>Denken Sie zum Beispiel an eine Vollmaske, die Augen und Gesicht sch\u00fctzt, wenn zum Beispiel eine Gaswolke freigesetzt wird. Oder chemikalienbest\u00e4ndige Stiefel und Handschuhe.<\/p>\n\n\n\n<figure class=\"wp-block-image size-large\"><img loading=\"lazy\" decoding=\"async\" width=\"500\" height=\"375\" src=\"https:\/\/safe4sure.nl\/wp-content\/uploads\/HDPA1302_1854_large.jpg\" alt=\"\" class=\"wp-image-379\" srcset=\"https:\/\/safe4sure.nl\/wp-content\/uploads\/HDPA1302_1854_large.jpg 500w, https:\/\/safe4sure.nl\/wp-content\/uploads\/HDPA1302_1854_large-300x225.jpg 300w, https:\/\/safe4sure.nl\/wp-content\/uploads\/HDPA1302_1854_large-16x12.jpg 16w\" sizes=\"auto, (max-width: 500px) 100vw, 500px\" \/><\/figure>","protected":false},"excerpt":{"rendered":"<p>bescherming van top tot teen. ADN kisten bieden persoonlijke bescherming in een noodsituatie. De kist is gevuld met materialen die personen nodig kunnen hebben tijdens een calamiteit aan boord. Denk hierbij aan een volgelaatsmasker die bescherming biedt aan ogen en gelaat als er bijvoorbeeld een gaswolk is vrij gekomen. Of laarzen en handschoenen die chemicali\u00ebn [&hellip;]<\/p>\n","protected":false},"featured_media":379,"template":"","meta":{"_acf_changed":false},"product_brand":[],"product_cat":[29],"product_tag":[],"class_list":{"0":"post-137","1":"product","2":"type-product","3":"status-publish","4":"has-post-thumbnail","6":"product_cat-inspectie-product","8":"first","9":"instock","10":"shipping-taxable","11":"purchasable","12":"product-type-simple"},"acf":[],"_links":{"self":[{"href":"https:\/\/safe4sure.nl\/de\/wp-json\/wp\/v2\/product\/137","targetHints":{"allow":["GET"]}}],"collection":[{"href":"https:\/\/safe4sure.nl\/de\/wp-json\/wp\/v2\/product"}],"about":[{"href":"https:\/\/safe4sure.nl\/de\/wp-json\/wp\/v2\/types\/product"}],"wp:featuredmedia":[{"embeddable":true,"href":"https:\/\/safe4sure.nl\/de\/wp-json\/wp\/v2\/media\/379"}],"wp:attachment":[{"href":"https:\/\/safe4sure.nl\/de\/wp-json\/wp\/v2\/media?parent=137"}],"wp:term":[{"taxonomy":"product_brand","embeddable":true,"href":"https:\/\/safe4sure.nl\/de\/wp-json\/wp\/v2\/product_brand?post=137"},{"taxonomy":"product_cat","embeddable":true,"href":"https:\/\/safe4sure.nl\/de\/wp-json\/wp\/v2\/product_cat?post=137"},{"taxonomy":"product_tag","embeddable":true,"href":"https:\/\/safe4sure.nl\/de\/wp-json\/wp\/v2\/product_tag?post=137"}],"curies":[{"name":"wp","href":"https:\/\/api.w.org\/{rel}","templated":true}]}}