{"id":147,"date":"2021-06-18T15:04:07","date_gmt":"2021-06-18T13:04:07","guid":{"rendered":"https:\/\/safe4sure.nl\/?post_type=product&#038;p=147"},"modified":"2025-10-30T16:40:22","modified_gmt":"2025-10-30T15:40:22","slug":"brandblusser","status":"publish","type":"product","link":"https:\/\/safe4sure.nl\/de\/product\/brandblusser\/","title":{"rendered":"Feuerl\u00f6schger\u00e4t\/Feuerl\u00f6scher"},"content":{"rendered":"<h2 class=\"wp-block-heading\">Zugelassen nach der Norm NEN EN 2559<\/h2>\r\n\r\n\r\n\r\n<div class=\"wp-block-columns is-layout-flex wp-container-core-columns-is-layout-28f84493 wp-block-columns-is-layout-flex\">\r\n<div class=\"wp-block-column is-layout-flow wp-block-column-is-layout-flow\" style=\"flex-basis: 33.33%\">\r\n<figure class=\"wp-block-image size-large\"><img loading=\"lazy\" decoding=\"async\" class=\"wp-image-1005  aligncenter\" src=\"https:\/\/safe4sure.nl\/wp-content\/uploads\/Safe4Sure-19-200x300.jpg\" alt=\"\" width=\"485\" height=\"728\" srcset=\"https:\/\/safe4sure.nl\/wp-content\/uploads\/Safe4Sure-19-200x300.jpg 200w, https:\/\/safe4sure.nl\/wp-content\/uploads\/Safe4Sure-19-683x1024.jpg 683w, https:\/\/safe4sure.nl\/wp-content\/uploads\/Safe4Sure-19-768x1152.jpg 768w, https:\/\/safe4sure.nl\/wp-content\/uploads\/Safe4Sure-19-1024x1536.jpg 1024w, https:\/\/safe4sure.nl\/wp-content\/uploads\/Safe4Sure-19-1365x2048.jpg 1365w, https:\/\/safe4sure.nl\/wp-content\/uploads\/Safe4Sure-19-8x12.jpg 8w, https:\/\/safe4sure.nl\/wp-content\/uploads\/Safe4Sure-19-600x900.jpg 600w, https:\/\/safe4sure.nl\/wp-content\/uploads\/Safe4Sure-19-scaled.jpg 1706w\" sizes=\"auto, (max-width: 485px) 100vw, 485px\" \/><\/figure>\r\n<\/div>\r\n\r\n\r\n\r\n<div class=\"wp-block-column is-layout-flow wp-block-column-is-layout-flow\" style=\"flex-basis: 66.66%\">\r\n<p>Seit 2010 ist es gesetzlich vorgeschrieben, Ihre Feuerl\u00f6scher mindestens alle zwei Jahre von einem anerkannten Unternehmen \u00fcberpr\u00fcfen zu lassen. Es wird jedoch empfohlen, diese Kontrolle j\u00e4hrlich durchf\u00fchren zu lassen.<\/p>\r\n\r\n\r\n\r\n<p>Safe4Sure pr\u00fcft Ihre Feuerl\u00f6scher gem\u00e4\u00df der Norm NEN EN 2559 und wird von einem REOB-zertifizierten Techniker durchgef\u00fchrt. Safe4Sure verf\u00fcgt auch \u00fcber eine Kiwa- und IL&amp;T-Zulassung f\u00fcr die Inspektion kleiner Feuerl\u00f6schger\u00e4te. So k\u00f6nnen Sie sicherstellen, dass Ihre Feuerl\u00f6scher ordnungsgem\u00e4\u00df gewartet werden.<\/p>\r\n<\/div>\r\n<\/div>\r\n\r\n\r\n\r\n<h3 class=\"wp-block-heading\">Wartungsvertrag<\/h3>\r\n\r\n\r\n\r\n<p>Sie k\u00f6nnen sich f\u00fcr eine einmalige Inspektion entscheiden, aber Sie k\u00f6nnen auch einen Wartungsvertrag mit uns abschlie\u00dfen. Dann m\u00fcssen Sie nicht mehr den \u00dcberblick behalten, wann Ihre Feuerl\u00f6scher und Sicherheitseinrichtungen \u00fcberpr\u00fcft werden m\u00fcssen. Das ist sehr praktisch, denn so laufen Ihre Zertifikate nicht ab. Sie k\u00f6nnen Ihre Feuerl\u00f6scher und andere Sicherheitsausr\u00fcstung einfach an unserem Ponton abgeben. Auf diese Weise lassen sich auch teure Anfahrtskosten einsparen. Nat\u00fcrlich ist es auch einfach, die Ausr\u00fcstung w\u00e4hrend des Bunkerns zu wechseln.<\/p>\r\n\r\n\r\n\r\n<h3 class=\"wp-block-heading\">Kostenloses Leihmaterial<\/h3>\r\n\r\n\r\n\r\n<p>In der Zwischenzeit stellen wir Ihnen ausreichend Leihger\u00e4te an Bord zur Verf\u00fcgung, damit Sie nie ohne Sicherheitsausr\u00fcstung sind und Ihre Reise schnell fortsetzen k\u00f6nnen.<\/p>\r\n\r\n\r\n\r\n<figure class=\"wp-block-image size-large is-resized\"><img loading=\"lazy\" decoding=\"async\" class=\"alignnone wp-image-966\" src=\"https:\/\/safe4sure.nl\/wp-content\/uploads\/20250410_1524381-scaled-e1746783301722-300x160.jpg\" alt=\"\" width=\"891\" height=\"475\" srcset=\"https:\/\/safe4sure.nl\/wp-content\/uploads\/20250410_1524381-scaled-e1746783301722-300x160.jpg 300w, https:\/\/safe4sure.nl\/wp-content\/uploads\/20250410_1524381-scaled-e1746783301722-1916x1024.jpg 1916w, https:\/\/safe4sure.nl\/wp-content\/uploads\/20250410_1524381-scaled-e1746783301722-768x410.jpg 768w, https:\/\/safe4sure.nl\/wp-content\/uploads\/20250410_1524381-scaled-e1746783301722-1536x821.jpg 1536w, https:\/\/safe4sure.nl\/wp-content\/uploads\/20250410_1524381-scaled-e1746783301722-2048x1095.jpg 2048w, https:\/\/safe4sure.nl\/wp-content\/uploads\/20250410_1524381-scaled-e1746783301722-18x10.jpg 18w, https:\/\/safe4sure.nl\/wp-content\/uploads\/20250410_1524381-scaled-e1746783301722-600x321.jpg 600w, https:\/\/safe4sure.nl\/wp-content\/uploads\/20250410_1524381-scaled-e1746783301722.jpg 2522w\" sizes=\"auto, (max-width: 891px) 100vw, 891px\" \/><\/figure>","protected":false},"excerpt":{"rendered":"<p>Gekeurd volgens NEN EN 2559 normering Vanaf 2010 is het bij wet verplicht om uw brandblussers minimaal om de twee jaar te laten keuren door een daartoe erkend bedrijf. Echter wordt het aanbevolen deze controle jaarlijks te laten uitvoeren. Safe4Sure keurt uw brandblussers volgens de NEN EN 2559 normering en wordt uitgevoerd door een REOB [&hellip;]<\/p>\n","protected":false},"featured_media":1011,"template":"","meta":{"_acf_changed":false},"product_brand":[],"product_cat":[29],"product_tag":[],"class_list":{"0":"post-147","1":"product","2":"type-product","3":"status-publish","4":"has-post-thumbnail","6":"product_cat-inspectie-product","8":"first","9":"instock","10":"shipping-taxable","11":"purchasable","12":"product-type-simple"},"acf":[],"_links":{"self":[{"href":"https:\/\/safe4sure.nl\/de\/wp-json\/wp\/v2\/product\/147","targetHints":{"allow":["GET"]}}],"collection":[{"href":"https:\/\/safe4sure.nl\/de\/wp-json\/wp\/v2\/product"}],"about":[{"href":"https:\/\/safe4sure.nl\/de\/wp-json\/wp\/v2\/types\/product"}],"wp:featuredmedia":[{"embeddable":true,"href":"https:\/\/safe4sure.nl\/de\/wp-json\/wp\/v2\/media\/1011"}],"wp:attachment":[{"href":"https:\/\/safe4sure.nl\/de\/wp-json\/wp\/v2\/media?parent=147"}],"wp:term":[{"taxonomy":"product_brand","embeddable":true,"href":"https:\/\/safe4sure.nl\/de\/wp-json\/wp\/v2\/product_brand?post=147"},{"taxonomy":"product_cat","embeddable":true,"href":"https:\/\/safe4sure.nl\/de\/wp-json\/wp\/v2\/product_cat?post=147"},{"taxonomy":"product_tag","embeddable":true,"href":"https:\/\/safe4sure.nl\/de\/wp-json\/wp\/v2\/product_tag?post=147"}],"curies":[{"name":"wp","href":"https:\/\/api.w.org\/{rel}","templated":true}]}}