{"id":148,"date":"2021-06-18T15:06:32","date_gmt":"2021-06-18T13:06:32","guid":{"rendered":"https:\/\/safe4sure.nl\/?post_type=product&#038;p=148"},"modified":"2025-10-24T10:43:58","modified_gmt":"2025-10-24T08:43:58","slug":"reddingsvest","status":"publish","type":"product","link":"https:\/\/safe4sure.nl\/de\/product\/reddingsvest\/","title":{"rendered":"Schwimmweste\/Rettungsweste"},"content":{"rendered":"<p class=\"has-vivid-red-color has-text-color\"><strong><em>Om er zeker van te zijn dat bij een ongeval uw reddingsvest goed functioneert, is het aan te raden om regelmatig uw reddingsvest te laten controleren. Het dringende advies van fabrikanten is minimaal 1 x per jaar <\/em><\/strong>. <strong><em>Zeker bij professioneel gebruik.<\/em><\/strong><\/p>\r\n\r\n\r\n\r\n<p>&nbsp;<\/p>\r\n\r\n\r\n\r\n<div class=\"wp-block-columns is-layout-flex wp-container-core-columns-is-layout-28f84493 wp-block-columns-is-layout-flex\">\r\n<div class=\"wp-block-column is-layout-flow wp-block-column-is-layout-flow\" style=\"flex-basis: 66.66%\">\r\n<p>Safe4Sure ist von der renommierten Firma Besto f\u00fcr die Inspektion Ihrer Rettungswesten und -jacken zertifiziert. Ihre Westen werden 24 Stunden lang unter Druck gesetzt und auf m\u00f6glichen Druckverlust \u00fcberpr\u00fcft.<\/p>\r\n\r\n\r\n\r\n<p>Indien noodzakelijk worden onderdelen vervangen zoals het luchtpatroon, smelttablet, borg-onderdelen etc. \u00a0Indien blijkt dat de reddingsvesten na de keuring voldoen aan de specificaties van de fabrikant, schrijven wij een certificaat uit die u kunt overleggen aan de controlerende instanties.<\/p>\r\n\r\n\r\n\r\n<p>Wir pr\u00fcfen und liefern unter anderem Westen von Besto, KI, Lalizas, Plastimo und Marinepool.<\/p>\r\n\r\n\r\n\r\n<h2 class=\"wp-block-heading\"><strong>Kostenlose Leihwesten <\/strong><\/h2>\r\n\r\n\r\n\r\n<p>In der Zwischenzeit, in der wir Ihre Schwimmwesten \u00fcberpr\u00fcfen, stellen wir Ihnen selbstverst\u00e4ndlich Leihwesten zur Verf\u00fcgung, damit Sie Ihre Reise sicher fortsetzen k\u00f6nnen.<\/p>\r\n\r\n\r\n\r\n<p>&nbsp;<\/p>\r\n<\/div>\r\n\r\n\r\n\r\n<div class=\"wp-block-column is-layout-flow wp-block-column-is-layout-flow\" style=\"flex-basis: 33.33%\">\r\n<figure class=\"wp-block-image size-large\"><img loading=\"lazy\" decoding=\"async\" class=\"alignright wp-image-989\" src=\"https:\/\/safe4sure.nl\/wp-content\/uploads\/Safe4Sure-39-200x300.jpg\" alt=\"\" width=\"447\" height=\"670\" srcset=\"https:\/\/safe4sure.nl\/wp-content\/uploads\/Safe4Sure-39-200x300.jpg 200w, https:\/\/safe4sure.nl\/wp-content\/uploads\/Safe4Sure-39-683x1024.jpg 683w, https:\/\/safe4sure.nl\/wp-content\/uploads\/Safe4Sure-39-768x1152.jpg 768w, https:\/\/safe4sure.nl\/wp-content\/uploads\/Safe4Sure-39-1024x1536.jpg 1024w, https:\/\/safe4sure.nl\/wp-content\/uploads\/Safe4Sure-39-1365x2048.jpg 1365w, https:\/\/safe4sure.nl\/wp-content\/uploads\/Safe4Sure-39-8x12.jpg 8w, https:\/\/safe4sure.nl\/wp-content\/uploads\/Safe4Sure-39-600x900.jpg 600w, https:\/\/safe4sure.nl\/wp-content\/uploads\/Safe4Sure-39-scaled.jpg 1707w\" sizes=\"auto, (max-width: 447px) 100vw, 447px\" \/><\/figure>\r\n<\/div>\r\n<\/div>\r\n\r\n\r\n\r\n\r\n\r\n<p>&nbsp;<\/p>","protected":false},"excerpt":{"rendered":"<p>Om er zeker van te zijn dat bij een ongeval uw reddingsvest goed functioneert, is het aan te raden om regelmatig uw reddingsvest te laten controleren. Het dringende advies van fabrikanten is minimaal 1 x per jaar . Zeker bij professioneel gebruik. &nbsp; Safe4Sure is door het gerenommeerde bedrijf Besto gecertificeerd om uw reddingsvesten en [&hellip;]<\/p>\n","protected":false},"featured_media":374,"template":"","meta":{"_acf_changed":false},"product_brand":[],"product_cat":[29],"product_tag":[],"class_list":{"0":"post-148","1":"product","2":"type-product","3":"status-publish","4":"has-post-thumbnail","6":"product_cat-inspectie-product","8":"first","9":"instock","10":"shipping-taxable","11":"purchasable","12":"product-type-simple"},"acf":[],"_links":{"self":[{"href":"https:\/\/safe4sure.nl\/de\/wp-json\/wp\/v2\/product\/148","targetHints":{"allow":["GET"]}}],"collection":[{"href":"https:\/\/safe4sure.nl\/de\/wp-json\/wp\/v2\/product"}],"about":[{"href":"https:\/\/safe4sure.nl\/de\/wp-json\/wp\/v2\/types\/product"}],"wp:featuredmedia":[{"embeddable":true,"href":"https:\/\/safe4sure.nl\/de\/wp-json\/wp\/v2\/media\/374"}],"wp:attachment":[{"href":"https:\/\/safe4sure.nl\/de\/wp-json\/wp\/v2\/media?parent=148"}],"wp:term":[{"taxonomy":"product_brand","embeddable":true,"href":"https:\/\/safe4sure.nl\/de\/wp-json\/wp\/v2\/product_brand?post=148"},{"taxonomy":"product_cat","embeddable":true,"href":"https:\/\/safe4sure.nl\/de\/wp-json\/wp\/v2\/product_cat?post=148"},{"taxonomy":"product_tag","embeddable":true,"href":"https:\/\/safe4sure.nl\/de\/wp-json\/wp\/v2\/product_tag?post=148"}],"curies":[{"name":"wp","href":"https:\/\/api.w.org\/{rel}","templated":true}]}}