{"id":150,"date":"2021-06-18T15:08:24","date_gmt":"2021-06-18T13:08:24","guid":{"rendered":"https:\/\/safe4sure.nl\/?post_type=product&#038;p=150"},"modified":"2026-03-28T08:49:16","modified_gmt":"2026-03-28T07:49:16","slug":"gasblus-installatie","status":"publish","type":"product","link":"https:\/\/safe4sure.nl\/de\/product\/blusgasinstallatie\/","title":{"rendered":"Feuerl\u00f6schgasanlage\/ Feuerl\u00f6schgas-Installation"},"content":{"rendered":"<h2 class=\"wp-block-heading\">Safe4Sure. Ihre autorisierte Pr\u00fcfstelle<\/h2>\r\n\r\n\r\n\r\n<p>An Bord sch\u00fctzt die Gasl\u00f6schanlage den Maschinenraum an Bug und Heck. F\u00fcr Ihr Betriebsmanagement ist es nat\u00fcrlich von gro\u00dfer Bedeutung, dass diese wichtigen Ger\u00e4te gut gewartet sind.<\/p>\r\n\r\n\r\n\r\n<p>Safe4Sure hat eine KIWA-Schulung f\u00fcr Gasl\u00f6schanlagen absolviert und ist von IL&amp;T zertifiziert.<\/p>\r\n\r\n\r\n\r\n<figure class=\"wp-block-image size-large\"><img loading=\"lazy\" decoding=\"async\" width=\"1820\" height=\"1024\" class=\"wp-image-596\" src=\"https:\/\/safe4sure.nl\/wp-content\/uploads\/20210729_170305-1820x1024.jpg\" alt=\"\" srcset=\"https:\/\/safe4sure.nl\/wp-content\/uploads\/20210729_170305-1820x1024.jpg 1820w, https:\/\/safe4sure.nl\/wp-content\/uploads\/20210729_170305-300x169.jpg 300w, https:\/\/safe4sure.nl\/wp-content\/uploads\/20210729_170305-768x432.jpg 768w, https:\/\/safe4sure.nl\/wp-content\/uploads\/20210729_170305-1536x864.jpg 1536w, https:\/\/safe4sure.nl\/wp-content\/uploads\/20210729_170305-2048x1152.jpg 2048w, https:\/\/safe4sure.nl\/wp-content\/uploads\/20210729_170305-18x10.jpg 18w, https:\/\/safe4sure.nl\/wp-content\/uploads\/20210729_170305-1320x743.jpg 1320w, https:\/\/safe4sure.nl\/wp-content\/uploads\/20210729_170305-600x338.jpg 600w, https:\/\/safe4sure.nl\/wp-content\/uploads\/20210729_170305-scaled.jpg 2560w\" sizes=\"auto, (max-width: 1820px) 100vw, 1820px\" \/><\/figure>\r\n\r\n\r\n\r\n<h2 class=\"wp-block-heading\" data-section-id=\"1x85x26\" data-start=\"76\" data-end=\"127\">Betrouwbaar onderhoud voor uw blusgasinstallatie<\/h2>\r\n<p data-start=\"129\" data-end=\"363\">Goed onderhoud is essentieel voor de veiligheid en betrouwbaarheid van uw blusgasinstallatie. Met een gestructureerde onderhoudsaanpak voorkomt u storingen en bent u verzekerd van optimale werking op de momenten dat het \u00e9cht nodig is.<\/p>\r\n<h3 data-section-id=\"2y4tjg\" data-start=\"365\" data-end=\"402\">Periodiek onderhoud (elke 2 jaar)<\/h3>\r\n<p data-start=\"404\" data-end=\"555\">Tijdens het reguliere onderhoud voeren wij een volledige inspectie uit volgens vastgestelde procedures. Hierbij controleren en testen wij onder andere:<\/p>\r\n<ul data-start=\"557\" data-end=\"747\">\r\n<li data-section-id=\"1vv0buk\" data-start=\"557\" data-end=\"610\">De cilinders en algemene staat van de installatie<\/li>\r\n<li data-section-id=\"1qny44l\" data-start=\"611\" data-end=\"657\">De vloeistofhoogte met een level indicator<\/li>\r\n<li data-section-id=\"184n4py\" data-start=\"658\" data-end=\"700\">Nozzles, aanstuurslangen en manometers<\/li>\r\n<li data-section-id=\"todr6y\" data-start=\"701\" data-end=\"747\">De werking van alle essenti\u00eble componenten<\/li>\r\n<\/ul>\r\n<p data-start=\"749\" data-end=\"856\">Indien nodig vervangen wij onderdelen, zodat uw installatie blijft voldoen aan de geldende normen en eisen.<\/p>\r\n<hr data-start=\"858\" data-end=\"861\" \/>\r\n<h3 data-section-id=\"1yspaos\" data-start=\"863\" data-end=\"897\">Groot onderhoud (elke 10 jaar)<\/h3>\r\n<p data-start=\"899\" data-end=\"1047\">Elke 10 jaar is uitgebreid onderhoud noodzakelijk. Hierbij worden de cilinders uit de installatie verwijderd voor een grondige inspectie en revisie.<\/p>\r\n<p data-start=\"1049\" data-end=\"1248\">Wij begrijpen dat dit een ingrijpende operatie is. Daarom denken <strong data-start=\"1114\" data-end=\"1127\">Safe4Sure<\/strong> en <strong data-start=\"1131\" data-end=\"1157\">Slurink Bunkerstations<\/strong> actief met u mee om dit proces zo effici\u00ebnt en kosteneffectief mogelijk te laten verlopen.<\/p>\r\n<hr data-start=\"1250\" data-end=\"1253\" \/>\r\n<h3 data-section-id=\"1w6nd0w\" data-start=\"1255\" data-end=\"1290\">Slimme en praktische uitvoering<\/h3>\r\n<p data-start=\"1577\" data-end=\"1612\">Wij kijken altijd samen met u naar:<\/p>\r\n<ul data-start=\"1613\" data-end=\"1704\">\r\n<li data-section-id=\"mkx8vl\" data-start=\"1613\" data-end=\"1634\">De beste planning<\/li>\r\n<li data-section-id=\"10serb4\" data-start=\"1635\" data-end=\"1669\">Minimale impact op uw operatie<\/li>\r\n<li data-section-id=\"1c70tiv\" data-start=\"1670\" data-end=\"1704\">De meest effici\u00ebnte uitvoering<\/li>\r\n<\/ul>\r\n<hr data-start=\"1706\" data-end=\"1709\" \/>\r\n<h3 data-section-id=\"a8e8op\" data-start=\"1711\" data-end=\"1735\">Wij denken met u mee<\/h3>\r\n<p data-start=\"1737\" data-end=\"1875\">Onderhoud is noodzakelijk \u2014 daar kunnen we niets aan veranderen.<br data-start=\"1801\" data-end=\"1804\" \/>Maar we kunnen het w\u00e9l zo eenvoudig en effici\u00ebnt mogelijk voor u maken.<\/p>\r\n<p data-start=\"1877\" data-end=\"1944\" data-is-last-node=\"\" data-is-only-node=\"\"><strong data-start=\"1877\" data-end=\"1944\" data-is-last-node=\"\">Benieuwd naar de mogelijkheden? Neem gerust contact met ons op.<\/strong><\/p>\r\n\r\n\r\n\r\n<figure class=\"wp-block-image size-large is-resized\"><img loading=\"lazy\" decoding=\"async\" class=\"wp-image-542\" src=\"https:\/\/safe4sure.nl\/wp-content\/uploads\/YUN00077-1820x1024.jpg\" alt=\"\" width=\"1055\" height=\"593\" srcset=\"https:\/\/safe4sure.nl\/wp-content\/uploads\/YUN00077-1820x1024.jpg 1820w, https:\/\/safe4sure.nl\/wp-content\/uploads\/YUN00077-300x169.jpg 300w, https:\/\/safe4sure.nl\/wp-content\/uploads\/YUN00077-768x432.jpg 768w, https:\/\/safe4sure.nl\/wp-content\/uploads\/YUN00077-1536x864.jpg 1536w, https:\/\/safe4sure.nl\/wp-content\/uploads\/YUN00077-2048x1152.jpg 2048w, https:\/\/safe4sure.nl\/wp-content\/uploads\/YUN00077-16x9.jpg 16w, https:\/\/safe4sure.nl\/wp-content\/uploads\/YUN00077-1320x743.jpg 1320w, https:\/\/safe4sure.nl\/wp-content\/uploads\/YUN00077-600x338.jpg 600w, https:\/\/safe4sure.nl\/wp-content\/uploads\/YUN00077-scaled.jpg 2560w\" sizes=\"auto, (max-width: 1055px) 100vw, 1055px\" \/><\/figure>","protected":false},"excerpt":{"rendered":"<p>Safe4Sure. Uw erkend keuringsstation Aan boord beschermt de blusgasinstallatie de machinekamer op het voor- en achterschip. Het is natuurlijk van groot belang voor uw bedrijfsvoering dat dit belangrijke apparaat goed wordt onderhouden. Safe4Sure heeft hiervoor een KIWA opleiding blusgassystemen gevolgd en is door IL&amp;T gecertificeerd. Betrouwbaar onderhoud voor uw blusgasinstallatie Goed onderhoud is essentieel voor [&hellip;]<\/p>\n","protected":false},"featured_media":432,"template":"","meta":{"_acf_changed":false},"product_brand":[],"product_cat":[29],"product_tag":[],"class_list":{"0":"post-150","1":"product","2":"type-product","3":"status-publish","4":"has-post-thumbnail","6":"product_cat-inspectie-product","8":"first","9":"instock","10":"shipping-taxable","11":"purchasable","12":"product-type-simple"},"acf":[],"_links":{"self":[{"href":"https:\/\/safe4sure.nl\/de\/wp-json\/wp\/v2\/product\/150","targetHints":{"allow":["GET"]}}],"collection":[{"href":"https:\/\/safe4sure.nl\/de\/wp-json\/wp\/v2\/product"}],"about":[{"href":"https:\/\/safe4sure.nl\/de\/wp-json\/wp\/v2\/types\/product"}],"wp:featuredmedia":[{"embeddable":true,"href":"https:\/\/safe4sure.nl\/de\/wp-json\/wp\/v2\/media\/432"}],"wp:attachment":[{"href":"https:\/\/safe4sure.nl\/de\/wp-json\/wp\/v2\/media?parent=150"}],"wp:term":[{"taxonomy":"product_brand","embeddable":true,"href":"https:\/\/safe4sure.nl\/de\/wp-json\/wp\/v2\/product_brand?post=150"},{"taxonomy":"product_cat","embeddable":true,"href":"https:\/\/safe4sure.nl\/de\/wp-json\/wp\/v2\/product_cat?post=150"},{"taxonomy":"product_tag","embeddable":true,"href":"https:\/\/safe4sure.nl\/de\/wp-json\/wp\/v2\/product_tag?post=150"}],"curies":[{"name":"wp","href":"https:\/\/api.w.org\/{rel}","templated":true}]}}