{"id":151,"date":"2021-06-18T15:11:18","date_gmt":"2021-06-18T13:11:18","guid":{"rendered":"https:\/\/safe4sure.nl\/?post_type=product&#038;p=151"},"modified":"2021-07-22T20:17:56","modified_gmt":"2021-07-22T18:17:56","slug":"blusmonitor","status":"publish","type":"product","link":"https:\/\/safe4sure.nl\/de\/product\/blusmonitor\/","title":{"rendered":"Brandw\u00e4chter\/Feuermelder"},"content":{"rendered":"<p>Feuermelder m\u00fcssen \u00fcber eine ausreichende L\u00f6schwirkung verf\u00fcgen und im Notfall schnell einsatzbereit sein. Die Anordnung an Bord ist nicht vorgeschrieben. Normalerweise sind sie an Deck in der N\u00e4he der Verteiler angebracht. Die St\u00e4rke des Strahls h\u00e4ngt von dem Druck an Bord ab. In der Regel etwa 4 bis 6 Takte. Die Strahlen der Feuermonitore m\u00fcssen die gesamte Ladezone abdecken. <\/p>\n\n\n\n<p>Wir \u00fcberpr\u00fcfen Ihre Feuermelder professionell auf ihre Funktionst\u00fcchtigkeit. Funktioniert der menschliche Bildschirm ordnungsgem\u00e4\u00df? Ist das System nicht undicht und l\u00e4uft alles reibungslos?<\/p>\n\n\n\n<div class=\"wp-block-columns is-layout-flex wp-container-core-columns-is-layout-28f84493 wp-block-columns-is-layout-flex\">\n<div class=\"wp-block-column is-layout-flow wp-block-column-is-layout-flow\">\n<figure class=\"wp-block-image size-large is-resized\"><img loading=\"lazy\" decoding=\"async\" src=\"https:\/\/safe4sure.nl\/wp-content\/uploads\/blusmonitor-scaled-e1626786482804-768x1024.jpg\" alt=\"\" class=\"wp-image-433\" width=\"343\" height=\"457\" \/><\/figure>\n<\/div>\n<\/div>","protected":false},"excerpt":{"rendered":"<p>Blusmonitoren moeten voldoende bluskracht geven en snel inzetbaar zijn in geval van een calamiteit. De opstelling aan boord is niet voorgeschreven. Doorgaans worden ze geplaatst aan dek bij de manifolds. De kracht van de straal hangt af van de druk aan boord. Meestal een bar of 4 of 6. De stralen uit de blusmonitoren moeten [&hellip;]<\/p>\n","protected":false},"featured_media":494,"template":"","meta":{"_acf_changed":false},"product_brand":[],"product_cat":[29],"product_tag":[],"class_list":{"0":"post-151","1":"product","2":"type-product","3":"status-publish","4":"has-post-thumbnail","6":"product_cat-inspectie-product","8":"first","9":"instock","10":"shipping-taxable","11":"purchasable","12":"product-type-simple"},"acf":[],"_links":{"self":[{"href":"https:\/\/safe4sure.nl\/de\/wp-json\/wp\/v2\/product\/151","targetHints":{"allow":["GET"]}}],"collection":[{"href":"https:\/\/safe4sure.nl\/de\/wp-json\/wp\/v2\/product"}],"about":[{"href":"https:\/\/safe4sure.nl\/de\/wp-json\/wp\/v2\/types\/product"}],"wp:featuredmedia":[{"embeddable":true,"href":"https:\/\/safe4sure.nl\/de\/wp-json\/wp\/v2\/media\/494"}],"wp:attachment":[{"href":"https:\/\/safe4sure.nl\/de\/wp-json\/wp\/v2\/media?parent=151"}],"wp:term":[{"taxonomy":"product_brand","embeddable":true,"href":"https:\/\/safe4sure.nl\/de\/wp-json\/wp\/v2\/product_brand?post=151"},{"taxonomy":"product_cat","embeddable":true,"href":"https:\/\/safe4sure.nl\/de\/wp-json\/wp\/v2\/product_cat?post=151"},{"taxonomy":"product_tag","embeddable":true,"href":"https:\/\/safe4sure.nl\/de\/wp-json\/wp\/v2\/product_tag?post=151"}],"curies":[{"name":"wp","href":"https:\/\/api.w.org\/{rel}","templated":true}]}}