{"id":349,"date":"2021-07-15T15:35:08","date_gmt":"2021-07-15T13:35:08","guid":{"rendered":"https:\/\/safe4sure.nl\/?post_type=product&#038;p=349"},"modified":"2022-04-01T16:33:57","modified_gmt":"2022-04-01T14:33:57","slug":"brandslang","status":"publish","type":"product","link":"https:\/\/safe4sure.nl\/de\/product\/brandslang\/","title":{"rendered":"Feuerl\u00f6schschlauch"},"content":{"rendered":"<div class=\"wp-block-columns is-layout-flex wp-container-core-columns-is-layout-28f84493 wp-block-columns-is-layout-flex\">\n<div class=\"wp-block-column is-layout-flow wp-block-column-is-layout-flow\" style=\"flex-basis:66.66%\">\n<figure class=\"wp-block-image size-large is-resized is-style-default\"><img loading=\"lazy\" decoding=\"async\" src=\"https:\/\/safe4sure.nl\/wp-content\/uploads\/20210715_153339-576x1024.jpg\" alt=\"\" class=\"wp-image-380\" width=\"425\" height=\"754\" \/><\/figure>\n<\/div>\n\n\n\n<div class=\"wp-block-column is-layout-flow wp-block-column-is-layout-flow\" style=\"flex-basis:33.33%\">\n<p>Die flachen aufrollbaren Feuerl\u00f6schschl\u00e4uche von 20 oder 30 Metern L\u00e4nge an Bord m\u00fcssen alle 2 Jahre \u00fcberpr\u00fcft werden. <\/p>\n\n\n\n<p>Wir schauen uns den Zustand des Schlauches genau an, setzen den Schlauch unter Hochdruck und pr\u00fcfen, ob die D\u00fcse einwandfrei funktioniert und den aktuellen Anforderungen entspricht.<\/p>\n\n\n\n<p> Nach der Zulassung erhalten Sie ein Zertifikat.<\/p>\n<\/div>\n<\/div>","protected":false},"excerpt":{"rendered":"<p>De plat oprolbare brandslangen, 20 of 30 meter aan boord, dienen eens per 2 jaar te worden gekeurd. Hier kijken we onder andere goed naar de staat van de slang, zetten we de slang op hoge druk en controleren we of de straalpijp goed werkt en voldoet aan de huidige eisen. Na goedkeuring ontvangt u [&hellip;]<\/p>\n","protected":false},"featured_media":380,"template":"","meta":{"_acf_changed":false},"product_brand":[],"product_cat":[29],"product_tag":[],"class_list":{"0":"post-349","1":"product","2":"type-product","3":"status-publish","4":"has-post-thumbnail","6":"product_cat-inspectie-product","8":"first","9":"instock","10":"shipping-taxable","11":"purchasable","12":"product-type-simple"},"acf":[],"_links":{"self":[{"href":"https:\/\/safe4sure.nl\/de\/wp-json\/wp\/v2\/product\/349","targetHints":{"allow":["GET"]}}],"collection":[{"href":"https:\/\/safe4sure.nl\/de\/wp-json\/wp\/v2\/product"}],"about":[{"href":"https:\/\/safe4sure.nl\/de\/wp-json\/wp\/v2\/types\/product"}],"wp:featuredmedia":[{"embeddable":true,"href":"https:\/\/safe4sure.nl\/de\/wp-json\/wp\/v2\/media\/380"}],"wp:attachment":[{"href":"https:\/\/safe4sure.nl\/de\/wp-json\/wp\/v2\/media?parent=349"}],"wp:term":[{"taxonomy":"product_brand","embeddable":true,"href":"https:\/\/safe4sure.nl\/de\/wp-json\/wp\/v2\/product_brand?post=349"},{"taxonomy":"product_cat","embeddable":true,"href":"https:\/\/safe4sure.nl\/de\/wp-json\/wp\/v2\/product_cat?post=349"},{"taxonomy":"product_tag","embeddable":true,"href":"https:\/\/safe4sure.nl\/de\/wp-json\/wp\/v2\/product_tag?post=349"}],"curies":[{"name":"wp","href":"https:\/\/api.w.org\/{rel}","templated":true}]}}