{"id":350,"date":"2021-07-15T15:38:15","date_gmt":"2021-07-15T13:38:15","guid":{"rendered":"https:\/\/safe4sure.nl\/?post_type=product&#038;p=350"},"modified":"2021-07-22T16:30:18","modified_gmt":"2021-07-22T14:30:18","slug":"laad-losslangen","status":"publish","type":"product","link":"https:\/\/safe4sure.nl\/de\/product\/laad-losslangen\/","title":{"rendered":"Be- und Entladen von Schl\u00e4uchen"},"content":{"rendered":"<p>Safe4Sure wartet und zertifiziert Ihre Be- und Entladeschl\u00e4uche. Wir k\u00f6nnen dies an Bord tun. Mit unseren Pr\u00fcfger\u00e4ten f\u00fchren wir unter anderem eine Druckpr\u00fcfung durch, bei der der Schlauch auf das Eineinhalbfache seines Arbeitsdrucks eingestellt wird. Kommen Sie einfach bei Safe4Sure vorbei, und wir machen uns an die Arbeit.<\/p>\n\n\n\n<figure class=\"wp-block-image size-large is-resized\"><img loading=\"lazy\" decoding=\"async\" src=\"https:\/\/safe4sure.nl\/wp-content\/uploads\/Laad-losslangen-min.png\" alt=\"\" class=\"wp-image-351\" width=\"467\" height=\"315\" srcset=\"https:\/\/safe4sure.nl\/wp-content\/uploads\/Laad-losslangen-min.png 1280w, https:\/\/safe4sure.nl\/wp-content\/uploads\/Laad-losslangen-min-300x202.png 300w, https:\/\/safe4sure.nl\/wp-content\/uploads\/Laad-losslangen-min-768x518.png 768w, https:\/\/safe4sure.nl\/wp-content\/uploads\/Laad-losslangen-min-16x12.png 16w, https:\/\/safe4sure.nl\/wp-content\/uploads\/Laad-losslangen-min-600x405.png 600w\" sizes=\"auto, (max-width: 467px) 100vw, 467px\" \/><\/figure>","protected":false},"excerpt":{"rendered":"<p>Safe4Sure wartet und zertifiziert Ihre Be- und Entladeschl\u00e4uche. Wir k\u00f6nnen dies an Bord tun. Mit unseren Pr\u00fcfger\u00e4ten f\u00fchren wir unter anderem eine Druckpr\u00fcfung durch, bei der der Schlauch auf das Eineinhalbfache seines Arbeitsdrucks eingestellt wird. Kommen Sie einfach bei Safe4Sure vorbei, und wir machen uns an die Arbeit.<\/p>","protected":false},"featured_media":478,"template":"","meta":{"_acf_changed":false},"product_brand":[],"product_cat":[29],"product_tag":[],"class_list":{"0":"post-350","1":"product","2":"type-product","3":"status-publish","4":"has-post-thumbnail","6":"product_cat-inspectie-product","8":"first","9":"instock","10":"shipping-taxable","11":"purchasable","12":"product-type-simple"},"acf":[],"_links":{"self":[{"href":"https:\/\/safe4sure.nl\/de\/wp-json\/wp\/v2\/product\/350","targetHints":{"allow":["GET"]}}],"collection":[{"href":"https:\/\/safe4sure.nl\/de\/wp-json\/wp\/v2\/product"}],"about":[{"href":"https:\/\/safe4sure.nl\/de\/wp-json\/wp\/v2\/types\/product"}],"wp:featuredmedia":[{"embeddable":true,"href":"https:\/\/safe4sure.nl\/de\/wp-json\/wp\/v2\/media\/478"}],"wp:attachment":[{"href":"https:\/\/safe4sure.nl\/de\/wp-json\/wp\/v2\/media?parent=350"}],"wp:term":[{"taxonomy":"product_brand","embeddable":true,"href":"https:\/\/safe4sure.nl\/de\/wp-json\/wp\/v2\/product_brand?post=350"},{"taxonomy":"product_cat","embeddable":true,"href":"https:\/\/safe4sure.nl\/de\/wp-json\/wp\/v2\/product_cat?post=350"},{"taxonomy":"product_tag","embeddable":true,"href":"https:\/\/safe4sure.nl\/de\/wp-json\/wp\/v2\/product_tag?post=350"}],"curies":[{"name":"wp","href":"https:\/\/api.w.org\/{rel}","templated":true}]}}