{"id":354,"date":"2021-07-15T15:47:59","date_gmt":"2021-07-15T13:47:59","guid":{"rendered":"https:\/\/safe4sure.nl\/?post_type=product&#038;p=354"},"modified":"2021-07-20T15:42:34","modified_gmt":"2021-07-20T13:42:34","slug":"noodverlichting-en-vluchtplan","status":"publish","type":"product","link":"https:\/\/safe4sure.nl\/de\/product\/noodverlichting-en-vluchtplan\/","title":{"rendered":"Notbeleuchtung und Fluchtplan"},"content":{"rendered":"<h2 class=\"wp-block-heading\">J\u00e4hrliche \u00dcberpr\u00fcfung auf M\u00e4ngel<\/h2>\n\n\n\n<p>Oft wird angenommen, dass die Sicherheit ausreichend gew\u00e4hrleistet ist, wenn eine Notbeleuchtung vorhanden ist. Nichts k\u00f6nnte weiter von der Wahrheit entfernt sein! Notbeleuchtungsanlagen weisen regelm\u00e4\u00dfig (unsichtbare) M\u00e4ngel auf, wie z. B. Batterien mit unzureichender Kapazit\u00e4t oder kaputte Lampen. Lassen Sie daher Ihre Notbeleuchtung j\u00e4hrlich von Safe4Sure \u00fcberpr\u00fcfen.<\/p>\n\n\n\n<h3 class=\"wp-block-heading\">Ein sicherer Ort zum Gehen<\/h3>\n\n\n\n<p>Durch die Anbringung von Fluchtpl\u00e4nen an Bord kann jeder einen sicheren Ort finden, an den er sich im Falle eines Brandes oder einer anderen Katastrophe begeben kann. Dank eines Fluchtplans wissen Sie, wo Sie sich befinden, welche Fluchtwege es gibt, wo sich die Feuerl\u00f6scher befinden und wo sich alle versammeln sollen. Mit Hilfe modernster Technik k\u00f6nnen wir Ihnen an Bord einen \u00fcbersichtlichen und gut organisierten Grundriss bieten.<\/p>\n\n\n\n<figure class=\"wp-block-image size-large\"><img loading=\"lazy\" decoding=\"async\" width=\"600\" height=\"600\" src=\"https:\/\/safe4sure.nl\/wp-content\/uploads\/van-lien-noodverlichting-iln-1ztleddz.png\" alt=\"\" class=\"wp-image-442\" srcset=\"https:\/\/safe4sure.nl\/wp-content\/uploads\/van-lien-noodverlichting-iln-1ztleddz.png 600w, https:\/\/safe4sure.nl\/wp-content\/uploads\/van-lien-noodverlichting-iln-1ztleddz-300x300.png 300w, https:\/\/safe4sure.nl\/wp-content\/uploads\/van-lien-noodverlichting-iln-1ztleddz-150x150.png 150w, https:\/\/safe4sure.nl\/wp-content\/uploads\/van-lien-noodverlichting-iln-1ztleddz-12x12.png 12w, https:\/\/safe4sure.nl\/wp-content\/uploads\/van-lien-noodverlichting-iln-1ztleddz-100x100.png 100w\" sizes=\"auto, (max-width: 600px) 100vw, 600px\" \/><\/figure>\n\n\n\n<p><\/p>","protected":false},"excerpt":{"rendered":"<p>Jaarlijkse controle op defecten Men gaat er vaak vanuit dat wanneer er noodverlichting aanwezig is, de veiligheid voldoende gewaarborgd is. Niets is minder waar! Noodverlichtingsarmaturen hebben regelmatig (onzichtbare) defecten zoals accu\u2019s met onvoldoende capaciteit of kapotte lampen. Laat Safe4Sure daarom jaarlijks uw noodverlichting controleren. Een veilig heenkomen Met het plaatsen van vluchtplannen aan boord, kan [&hellip;]<\/p>\n","protected":false},"featured_media":355,"template":"","meta":{"_acf_changed":false},"product_brand":[],"product_cat":[29],"product_tag":[],"class_list":{"0":"post-354","1":"product","2":"type-product","3":"status-publish","4":"has-post-thumbnail","6":"product_cat-inspectie-product","8":"first","9":"instock","10":"shipping-taxable","11":"purchasable","12":"product-type-simple"},"acf":[],"_links":{"self":[{"href":"https:\/\/safe4sure.nl\/de\/wp-json\/wp\/v2\/product\/354","targetHints":{"allow":["GET"]}}],"collection":[{"href":"https:\/\/safe4sure.nl\/de\/wp-json\/wp\/v2\/product"}],"about":[{"href":"https:\/\/safe4sure.nl\/de\/wp-json\/wp\/v2\/types\/product"}],"wp:featuredmedia":[{"embeddable":true,"href":"https:\/\/safe4sure.nl\/de\/wp-json\/wp\/v2\/media\/355"}],"wp:attachment":[{"href":"https:\/\/safe4sure.nl\/de\/wp-json\/wp\/v2\/media?parent=354"}],"wp:term":[{"taxonomy":"product_brand","embeddable":true,"href":"https:\/\/safe4sure.nl\/de\/wp-json\/wp\/v2\/product_brand?post=354"},{"taxonomy":"product_cat","embeddable":true,"href":"https:\/\/safe4sure.nl\/de\/wp-json\/wp\/v2\/product_cat?post=354"},{"taxonomy":"product_tag","embeddable":true,"href":"https:\/\/safe4sure.nl\/de\/wp-json\/wp\/v2\/product_tag?post=354"}],"curies":[{"name":"wp","href":"https:\/\/api.w.org\/{rel}","templated":true}]}}