{"id":382,"date":"2021-07-20T15:59:08","date_gmt":"2021-07-20T13:59:08","guid":{"rendered":"https:\/\/safe4sure.nl\/?post_type=product&#038;p=382"},"modified":"2025-10-24T08:51:23","modified_gmt":"2025-10-24T06:51:23","slug":"pbm-bhv-en-ehbo-materiaal","status":"publish","type":"product","link":"https:\/\/safe4sure.nl\/de\/product\/pbm-bhv-ehbo-materiaal\/","title":{"rendered":"PSA, FAFS und Erste-Hilfe-Ausr\u00fcstung"},"content":{"rendered":"<figure class=\"wp-block-image size-large is-resized\"><img loading=\"lazy\" decoding=\"async\" class=\"wp-image-366\" src=\"https:\/\/safe4sure.nl\/wp-content\/uploads\/20210715_153904-1764x1024.jpg\" alt=\"\" width=\"675\" height=\"391\" srcset=\"https:\/\/safe4sure.nl\/wp-content\/uploads\/20210715_153904-1764x1024.jpg 1764w, https:\/\/safe4sure.nl\/wp-content\/uploads\/20210715_153904-300x174.jpg 300w, https:\/\/safe4sure.nl\/wp-content\/uploads\/20210715_153904-768x446.jpg 768w, https:\/\/safe4sure.nl\/wp-content\/uploads\/20210715_153904-1536x892.jpg 1536w, https:\/\/safe4sure.nl\/wp-content\/uploads\/20210715_153904-2048x1189.jpg 2048w, https:\/\/safe4sure.nl\/wp-content\/uploads\/20210715_153904-16x9.jpg 16w, https:\/\/safe4sure.nl\/wp-content\/uploads\/20210715_153904-1320x766.jpg 1320w, https:\/\/safe4sure.nl\/wp-content\/uploads\/20210715_153904-600x348.jpg 600w, https:\/\/safe4sure.nl\/wp-content\/uploads\/20210715_153904-scaled.jpg 2560w\" sizes=\"auto, (max-width: 675px) 100vw, 675px\" \/><\/figure>\r\n\r\n\r\n\r\n<p>Im Bereich der pers\u00f6nlichen Schutzausr\u00fcstung und Sicherheit liefert und wartet Safe4Sure u.a:<\/p>\r\n\r\n\r\n\r\n<p>Erste-Hilfe-K\u00e4sten (nach Inhalt und Datum)<\/p>\r\n\r\n\r\n\r\n<p>Sp\u00fclbare Flaschen (nach Datum)<\/p>\r\n\r\n\r\n\r\n<p>AED- und Reanimationsger\u00e4te (j\u00e4hrlich zu \u00fcberpr\u00fcfen)<\/p>\r\n\r\n\r\n\r\n<p>Trinkwasseranalyse (j\u00e4hrliche Probenahme)<\/p>\r\n\r\n\r\n\r\n<p>ADN-Boxen und Vollgesichtsmasken (j\u00e4hrlich zu \u00fcberpr\u00fcfen)<\/p>\r\n\r\n\r\n\r\n<p>Filterbank und Zubeh\u00f6r (j\u00e4hrlich zu \u00fcberpr\u00fcfen)<\/p>\r\n\r\n\r\n\r\n<p>Fallschutzausr\u00fcstungen und Zubeh\u00f6r (j\u00e4hrlich zu \u00fcberpr\u00fcfen)<\/p>\r\n<p>&nbsp;<\/p>\r\n<p><img loading=\"lazy\" decoding=\"async\" class=\"wp-image-1014 aligncenter\" src=\"https:\/\/safe4sure.nl\/wp-content\/uploads\/Safe4Sure-8-200x300.jpg\" alt=\"\" width=\"475\" height=\"713\" srcset=\"https:\/\/safe4sure.nl\/wp-content\/uploads\/Safe4Sure-8-200x300.jpg 200w, https:\/\/safe4sure.nl\/wp-content\/uploads\/Safe4Sure-8-683x1024.jpg 683w, https:\/\/safe4sure.nl\/wp-content\/uploads\/Safe4Sure-8-768x1151.jpg 768w, https:\/\/safe4sure.nl\/wp-content\/uploads\/Safe4Sure-8-1025x1536.jpg 1025w, https:\/\/safe4sure.nl\/wp-content\/uploads\/Safe4Sure-8-1366x2048.jpg 1366w, https:\/\/safe4sure.nl\/wp-content\/uploads\/Safe4Sure-8-8x12.jpg 8w, https:\/\/safe4sure.nl\/wp-content\/uploads\/Safe4Sure-8-600x900.jpg 600w, https:\/\/safe4sure.nl\/wp-content\/uploads\/Safe4Sure-8-scaled.jpg 1708w\" sizes=\"auto, (max-width: 475px) 100vw, 475px\" \/><\/p>\r\n\r\n\r\n\r\n<p>&nbsp;<\/p>","protected":false},"excerpt":{"rendered":"<p>Op het gebied van persoonlijke beschermingsmiddelen en veiligheid levert en onderhoudt Safe4Sure onder andere: EHBO Koffers (op inhoud en datum) Oospoelflessen (op datum) AED &amp; Reanimatie apparatuur (jaarlijks te keuren) Drinkwater analyse (jaarlijks te bemonsteren) ADN kisten en volgelaatmaskers (jaarlijks te keuren) Filterbank en toebehoren (jaarlijks te keuren) Valbeveiliging en toebehoren (jaarlijks te keuren) &nbsp; [&hellip;]<\/p>\n","protected":false},"featured_media":366,"template":"","meta":{"_acf_changed":false},"product_brand":[],"product_cat":[29],"product_tag":[],"class_list":{"0":"post-382","1":"product","2":"type-product","3":"status-publish","4":"has-post-thumbnail","6":"product_cat-inspectie-product","8":"first","9":"instock","10":"shipping-taxable","11":"purchasable","12":"product-type-simple"},"acf":[],"_links":{"self":[{"href":"https:\/\/safe4sure.nl\/de\/wp-json\/wp\/v2\/product\/382","targetHints":{"allow":["GET"]}}],"collection":[{"href":"https:\/\/safe4sure.nl\/de\/wp-json\/wp\/v2\/product"}],"about":[{"href":"https:\/\/safe4sure.nl\/de\/wp-json\/wp\/v2\/types\/product"}],"wp:featuredmedia":[{"embeddable":true,"href":"https:\/\/safe4sure.nl\/de\/wp-json\/wp\/v2\/media\/366"}],"wp:attachment":[{"href":"https:\/\/safe4sure.nl\/de\/wp-json\/wp\/v2\/media?parent=382"}],"wp:term":[{"taxonomy":"product_brand","embeddable":true,"href":"https:\/\/safe4sure.nl\/de\/wp-json\/wp\/v2\/product_brand?post=382"},{"taxonomy":"product_cat","embeddable":true,"href":"https:\/\/safe4sure.nl\/de\/wp-json\/wp\/v2\/product_cat?post=382"},{"taxonomy":"product_tag","embeddable":true,"href":"https:\/\/safe4sure.nl\/de\/wp-json\/wp\/v2\/product_tag?post=382"}],"curies":[{"name":"wp","href":"https:\/\/api.w.org\/{rel}","templated":true}]}}